{"id":10,"date":"2014-08-11T20:16:28","date_gmt":"2014-08-11T19:16:28","guid":{"rendered":"http:\/\/ldh-kalibrierservice.de\/?page_id=10"},"modified":"2024-04-04T13:28:41","modified_gmt":"2024-04-04T12:28:41","slug":"leistung","status":"publish","type":"page","link":"https:\/\/ldh-kalibrierservice.de\/?page_id=10","title":{"rendered":"Leistung"},"content":{"rendered":"<p>Mit unserem umfangreichen Angebot stehen wir Ihnen als kompetenter Partner\u00a0zur\u00a0Seite.<br \/>\nN\u00e4here Informationen zu den unten aufgef\u00fchrten Punkten finden Sie\u00a0auf den\u00a0entsprechenden Seiten.<\/p>\n<p><strong>Neben den akkreditierten Kalibrierleistungen bieten wir Ihnen:<\/strong><\/p>\n<h4>Werkskalibrierung von Messmittel f\u00fcr<\/h4>\n<h5 style=\"padding-left: 30px;\">Elektrische Messgr\u00f6\u00dfen<\/h5>\n<ul>\n<li>Analoge und digitale Strom- oder Spannungsmesser<\/li>\n<li>Multimeter, Sourcemeter, Picoamperemeter<\/li>\n<li>Stromwandler, Stromzangen, Zangenmultimeter, Leistungsmesszangen<\/li>\n<li>Leistungsmessger\u00e4te<\/li>\n<li>DC-Standards, Kalibratoren<\/li>\n<li>Netzger\u00e4te, Transformatoren, elektronische Lasten<\/li>\n<li>Schalter-\/Relaispr\u00fcfger\u00e4te<\/li>\n<li>Normalwiderst\u00e4nde, Widerstandsmessger\u00e4te, Shunts, Widerstandsdekaden<\/li>\n<li>Impedanzmessger\u00e4te, LCR-Messbr\u00fccken<\/li>\n<li>Oszilloskope, Scopemeter, Datenlogger, Schreiber, Logikanalysatoren<\/li>\n<li>Modulare Messsysteme\/-karten<\/li>\n<li>Hochspannungspr\u00fcfger\u00e4te und -messeinrichtungen, HV-Tastk\u00f6pfe,<\/li>\n<li>Spannungswandler<\/li>\n<li>Messtechnik f\u00fcr elektrische Sicherheit (DIN VDE 0701\/0702, DIN VDE 0100), Erdungsmessger\u00e4te, Isolationsmessger\u00e4te<\/li>\n<li>Frequenznormale, Frequenzz\u00e4hler<\/li>\n<li>Signal-\/Frequenzgeneratoren, Klirrfaktormessger\u00e4te, Spektrumanalysatoren, Netzwerkanalysatoren, HF-Leistungsmessger\u00e4te und Sensoren<\/li>\n<li>Kommunikationstechnik, Bitfehlermessger\u00e4te, Jitter-Messger\u00e4te, Pegelsender\/-empf\u00e4nger<\/li>\n<li>TV-Signalgeneratoren<\/li>\n<li>EMV-Messtechnik<\/li>\n<li>Elektrofeldmeter<\/li>\n<li>Drehzahlmessger\u00e4te, Stroboskope<\/li>\n<\/ul>\n<h5 style=\"padding-left: 30px;\">Temperatur und Feuchte<\/h5>\n<ul>\n<li>Blockkalibratoren, Temperaturb\u00e4der<\/li>\n<li>Temperaturmessger\u00e4te mit F\u00fchler, Temperaturlogger, Simulatoren<\/li>\n<li>Thermoelemente, Widerstandsthermometer<\/li>\n<li>Infrarot-Temperaturmessger\u00e4te, Pyrometer<\/li>\n<li>Feuchtemessger\u00e4te, Feuchtelogger<\/li>\n<\/ul>\n<h5 style=\"padding-left: 30px;\">Schwingung und Beschleunigung<\/h5>\n<h5 style=\"padding-left: 30px;\">Schallpegelmessger\u00e4te<\/h5>\n<h5 style=\"padding-left: 30px;\">Dimensionelle Messgr\u00f6\u00dfen<\/h5>\n<ul>\n<li>Glatte und Gewindelehren<\/li>\n<li>L\u00e4ngenmessmittel (Messschieber, B\u00fcgelmessschrauben, Messuhren, u.v.m.)<\/li>\n<li>Stahlwinkel und Winkelmesser<\/li>\n<\/ul>\n<h5 style=\"padding-left: 30px;\">Mechanische Messgr\u00f6\u00dfen<\/h5>\n<ul>\n<li>Druckmesstechnik<\/li>\n<li>Kraft, Gewicht und Drehmoment<\/li>\n<\/ul>\n<h4>Vor-Ort-Kalibrierung<\/h4>\n<h4>kundenspezifische Kalibrierung<\/h4>\n<h4>Justagen<\/h4>\n<h4>Reparatur und Instandsetzung<\/h4>\n<h4>Pr\u00fcfmittelverwaltung<\/h4>\n<h4>Abhol- und Anlieferservice<\/h4>\n<h4>Beratung im Einsatz von Mess- und Pr\u00fcfmitteln<\/h4>\n<p><strong>Wir\u00a0freuen uns auf Ihre Anfrage !<\/strong><\/p>\n","protected":false},"excerpt":{"rendered":"<p>Mit unserem umfangreichen Angebot stehen wir Ihnen als kompetenter Partner\u00a0zur\u00a0Seite. N\u00e4here Informationen zu den unten aufgef\u00fchrten Punkten finden Sie\u00a0auf den\u00a0entsprechenden Seiten. Neben den akkreditierten Kalibrierleistungen bieten wir Ihnen: Werkskalibrierung von Messmittel f\u00fcr Elektrische Messgr\u00f6\u00dfen Analoge und digitale Strom- oder Spannungsmesser Multimeter, Sourcemeter, Picoamperemeter Stromwandler, Stromzangen, Zangenmultimeter, Leistungsmesszangen Leistungsmessger\u00e4te DC-Standards, Kalibratoren<\/p>\n","protected":false},"author":1,"featured_media":0,"parent":0,"menu_order":0,"comment_status":"closed","ping_status":"closed","template":"","meta":[],"_links":{"self":[{"href":"https:\/\/ldh-kalibrierservice.de\/index.php?rest_route=\/wp\/v2\/pages\/10"}],"collection":[{"href":"https:\/\/ldh-kalibrierservice.de\/index.php?rest_route=\/wp\/v2\/pages"}],"about":[{"href":"https:\/\/ldh-kalibrierservice.de\/index.php?rest_route=\/wp\/v2\/types\/page"}],"author":[{"embeddable":true,"href":"https:\/\/ldh-kalibrierservice.de\/index.php?rest_route=\/wp\/v2\/users\/1"}],"replies":[{"embeddable":true,"href":"https:\/\/ldh-kalibrierservice.de\/index.php?rest_route=%2Fwp%2Fv2%2Fcomments&post=10"}],"version-history":[{"count":10,"href":"https:\/\/ldh-kalibrierservice.de\/index.php?rest_route=\/wp\/v2\/pages\/10\/revisions"}],"predecessor-version":[{"id":1085,"href":"https:\/\/ldh-kalibrierservice.de\/index.php?rest_route=\/wp\/v2\/pages\/10\/revisions\/1085"}],"wp:attachment":[{"href":"https:\/\/ldh-kalibrierservice.de\/index.php?rest_route=%2Fwp%2Fv2%2Fmedia&parent=10"}],"curies":[{"name":"wp","href":"https:\/\/api.w.org\/{rel}","templated":true}]}}