{"id":101,"date":"2015-01-24T11:55:25","date_gmt":"2015-01-24T10:55:25","guid":{"rendered":"http:\/\/ldh-kalibrierservice.de\/?page_id=101"},"modified":"2024-04-04T13:14:18","modified_gmt":"2024-04-04T12:14:18","slug":"leistungsspektrum","status":"publish","type":"page","link":"https:\/\/ldh-kalibrierservice.de\/?page_id=101","title":{"rendered":"Leistungsspektrum"},"content":{"rendered":"<h2>Elektrische Messgr\u00f6\u00dfen<\/h2>\n<table width=\"715\">\n<tbody>\n<tr>\n<td width=\"216\"><strong>Kalibrierleistung<\/strong><\/td>\n<td width=\"216\"><strong>Werkskalibrierung<\/strong><\/td>\n<td width=\"216\"><span style=\"color: #333333;\"><strong>DAkkS-Kalibrierung<\/strong><\/span><\/td>\n<\/tr>\n<tr>\n<td width=\"216\">Gleichspannung<\/td>\n<td width=\"216\">100 \u00b5V bis 25 kV<\/td>\n<td width=\"216\">1 mV bis 10 kV<\/td>\n<\/tr>\n<tr>\n<td width=\"216\">Gleichstromst\u00e4rke<\/td>\n<td width=\"216\">10 nA bis 100 A (direkt)<br \/>\nbis 1000 A (Stromzangen)<\/td>\n<td width=\"216\">10 \u00b5A bis 20 A<\/td>\n<\/tr>\n<tr>\n<td width=\"216\">Wechselspannung<\/td>\n<td width=\"216\">1 mV bis 1000 V bis 25 kV (50 Hz)<\/td>\n<td width=\"216\">10 mV bis 1000 V<br \/>\nbis 10kV (50 Hz)<\/td>\n<\/tr>\n<tr>\n<td width=\"216\">Wechselstromst\u00e4rke<\/td>\n<td width=\"216\">10 \u00b5A bis 30 A (direkt)<br \/>\nbis 1000 A (Stromzangen)<\/td>\n<td width=\"216\">10 \u00b5A bis 20 A<\/td>\n<\/tr>\n<tr>\n<td width=\"216\">Widerstand (DC)<\/td>\n<td width=\"216\">10 \u00b5Ohm bis 1 TOhm<\/td>\n<td width=\"216\">100 \u00b5Ohm bis 20 GOhm<\/td>\n<\/tr>\n<tr>\n<td width=\"216\">Oszilloskope<\/td>\n<td width=\"216\">1 mV bis 1000 V<br \/>\nBandbreite bis 18 GHz<\/td>\n<td width=\"216\">5 mV bis 1000 V<br \/>\nBandbreite bis 4 GHz<\/td>\n<\/tr>\n<tr>\n<td width=\"216\">RF-Leistung<\/td>\n<td width=\"216\">bis 18 GHz<br \/>\nPegel -70\u2026+20dBm<\/td>\n<td width=\"216\">&#8211;<\/td>\n<\/tr>\n<tr>\n<td width=\"216\">Spektrumanalyse<\/td>\n<td width=\"216\">bis 7 GHz<\/td>\n<td width=\"216\">&#8211;<\/td>\n<\/tr>\n<tr>\n<td width=\"216\">Reflexion S11 \/ D\u00e4mpfung S21<\/td>\n<td width=\"216\">bis 4 GHz<\/td>\n<td width=\"216\">&#8211;<\/td>\n<\/tr>\n<tr>\n<td width=\"216\">Modulationanalyse<\/td>\n<td width=\"216\">AM, FM, PM (bis 5 GHz)<br \/>\ndigital (bis 7 GHz)<\/td>\n<td width=\"216\">&#8211;<\/td>\n<\/tr>\n<tr>\n<td width=\"216\">Leistung<\/td>\n<td width=\"216\">1000V, 20A (DC,AC)<br \/>\nLeistungsfaktor 0,1 bis 1<\/td>\n<td width=\"216\">&#8211;<\/td>\n<\/tr>\n<tr>\n<td width=\"216\">Kapazit\u00e4t<\/td>\n<td width=\"216\">1 pF bis 100 \u00b5F<\/td>\n<td width=\"216\">&#8211;<\/td>\n<\/tr>\n<tr>\n<td width=\"216\">Induktivit\u00e4t<\/td>\n<td width=\"216\">10 \u00b5H bis 10 H<\/td>\n<td width=\"216\">&#8211;<\/td>\n<\/tr>\n<tr>\n<td width=\"216\">Widerstand (AC)<\/td>\n<td width=\"216\">0,1 Ohm bis 100 MOhm<\/td>\n<td width=\"216\">&#8211;<\/td>\n<\/tr>\n<tr>\n<td width=\"216\">Messtechnik f\u00fcr elektrische Sicherheit<\/td>\n<td width=\"216\">DIN VDE 0701\/0702,<br \/>\nDIN VDE 0100 und 0105, etc<\/td>\n<td width=\"216\">&#8211;<\/td>\n<\/tr>\n<tr>\n<td width=\"216\">EMV<\/td>\n<td width=\"216\">Burst, Surge, Power Fail<\/td>\n<td width=\"216\">&#8211;<\/td>\n<\/tr>\n<\/tbody>\n<\/table>\n<h2>Zeit und Frequenz<\/h2>\n<table width=\"715\">\n<tbody>\n<tr>\n<td width=\"216\"><strong>Kalibrierleistung<\/strong><\/td>\n<td width=\"216\"><strong>Werkskalibrierung<\/strong><\/td>\n<td width=\"216\"><strong>DAkkS-Kalibrierung<\/strong><\/td>\n<\/tr>\n<tr>\n<td width=\"216\">Frequenz<\/td>\n<td width=\"216\">1 mHz bis 26,5 GHz<\/td>\n<td width=\"216\">0,1 Hz bis 6 GHz<\/td>\n<\/tr>\n<tr>\n<td width=\"216\">Zeitintervall<\/td>\n<td width=\"216\">1 ns bis 10 s<\/td>\n<td width=\"216\">1 ns bis 10 s<\/td>\n<\/tr>\n<tr>\n<td width=\"216\">\u00a0Drehzahl (optisch)<\/td>\n<td width=\"216\">\u00a00,1 s\u207b\u00b9 bis 3000 s\u207b\u00b9<\/p>\n<p>(6 bis 180.000 U\/min)<\/td>\n<td width=\"216\">\u00a00,1 s\u207b\u00b9 bis 3000 s\u207b\u00b9<\/p>\n<p>(6 bis 180.000 U\/min)<\/td>\n<\/tr>\n<\/tbody>\n<\/table>\n<h2>Thermodynamische Messgr\u00f6\u00dfen<\/h2>\n<table width=\"715\">\n<tbody>\n<tr>\n<td width=\"216\"><strong>Kalibrierleistung<\/strong><\/td>\n<td width=\"216\"><strong>Werkskalibrierung<\/strong><\/td>\n<td width=\"216\"><strong>DAkkS-Kalibrierung<\/strong><\/td>\n<\/tr>\n<tr>\n<td width=\"216\">Widerstandsthermometer,<br \/>\ndirektanzeigende Thermometer<\/td>\n<td width=\"216\">-95\u00b0C bis +650\u00b0C<\/td>\n<td width=\"216\">-45\u00b0C bis +300\u00b0C<\/td>\n<\/tr>\n<tr>\n<td width=\"216\">Thermopaare, Thermoelemente<\/td>\n<td width=\"216\">-95\u00b0C bis +650\u00b0C<\/td>\n<td width=\"216\">-80\u00b0C bis +400\u00b0C<\/td>\n<\/tr>\n<tr>\n<td width=\"216\">Temperatur-Blockkalibratoren<\/td>\n<td width=\"216\">-95\u00b0C bis +650\u00b0C<\/td>\n<td width=\"216\">-80\u00b0C bis +200\u00b0C<\/td>\n<\/tr>\n<tr>\n<td width=\"216\">Thermostatb\u00e4der<\/td>\n<td width=\"216\">-45\u00b0C bis +160\u00b0C<\/td>\n<td width=\"216\">&#8211;<\/td>\n<\/tr>\n<tr>\n<td width=\"216\">Pyrometer<\/td>\n<td width=\"216\">+35\u00b0C bis +500\u00b0C<\/td>\n<td width=\"216\">&#8211;<\/td>\n<\/tr>\n<tr>\n<td width=\"216\">\u00d6fen, K\u00fchlschr\u00e4nke, Klimaschr\u00e4nke<\/td>\n<td width=\"216\">-95\u00b0C bis +650\u00b0C<\/td>\n<td width=\"216\">&#8211;<\/td>\n<\/tr>\n<tr>\n<td width=\"216\">Temperatursimulation<\/td>\n<td width=\"216\">-270\u00b0C bis +1372\u00b0C<\/td>\n<td width=\"216\">&#8211;<\/td>\n<\/tr>\n<tr>\n<td width=\"216\">rel. Luftfeuchte<\/td>\n<td width=\"216\">5% bis 95%<br \/>\nbei +5\u00b0C bis +60\u00b0C<\/td>\n<td width=\"216\">5% bis 95%<br \/>\nbei +10\u00b0C bis +60\u00b0C<\/td>\n<\/tr>\n<tr>\n<td width=\"216\">Lufttemperatur<\/td>\n<td width=\"216\">0\u00b0C bis +60\u00b0C<\/td>\n<td width=\"216\">+5 \u00b0C bis +60\u00b0C<\/td>\n<\/tr>\n<\/tbody>\n<\/table>\n<h2>Sonstige<\/h2>\n<table width=\"715\">\n<tbody>\n<tr>\n<td width=\"216\"><strong>Kalibrierleistung<\/strong><\/td>\n<td width=\"216\"><strong>Werkskalibrierung<\/strong><\/td>\n<td width=\"216\"><strong>DAkkS-Kalibrierung<\/strong><\/td>\n<\/tr>\n<tr>\n<td width=\"216\">Optik<\/td>\n<td width=\"216\">Wellenl\u00e4ngen 800 bis 1600 nm<br \/>\nPegel 10 bis -60 dBm<\/td>\n<td width=\"216\">&#8211;<\/td>\n<\/tr>\n<tr>\n<td width=\"216\">L\u00e4nge<\/td>\n<td width=\"216\">glatte und Gewindelehren;<br \/>\nMessschieber; Messuhren;<br \/>\nMessschrauben<\/td>\n<td width=\"216\">&#8211;<\/td>\n<\/tr>\n<tr>\n<td width=\"216\">Drehmoment<\/td>\n<td width=\"216\">Drehmomentschl\u00fcssel bis 1500 Nm<br \/>\nDrehmomentpr\u00fcfger\u00e4t bis 200 Nm<\/td>\n<td width=\"216\">&#8211;<\/td>\n<\/tr>\n<tr>\n<td width=\"216\">Waagen<\/td>\n<td width=\"216\">bis 75 kg<\/td>\n<td width=\"216\">&#8211;<\/td>\n<\/tr>\n<tr>\n<td width=\"216\">Druck<\/td>\n<td width=\"216\">-0,9 bar bis 3 bar(rel)<br \/>\n-0,1 bar bis 10 bar(abs)<\/td>\n<td width=\"216\">&#8211;<\/td>\n<\/tr>\n<tr>\n<td width=\"216\">Telekommunikation<br \/>\n(Bitfehler, Jitter, Rahmen)<\/td>\n<td width=\"216\">ger\u00e4tespezifisch<\/td>\n<td width=\"216\">&#8211;<\/td>\n<\/tr>\n<tr>\n<td width=\"216\">Elektrofeldmeter<\/td>\n<td width=\"216\">ger\u00e4tespezifisch<\/td>\n<td width=\"216\">&#8211;<\/td>\n<\/tr>\n<tr>\n<td width=\"216\">TV\/Video-Technik<\/td>\n<td width=\"216\">ger\u00e4tespezifisch<\/td>\n<td width=\"216\">&#8211;<\/td>\n<\/tr>\n<tr>\n<td width=\"216\">Schwingung\/Beschleunigung<\/td>\n<td width=\"216\">ger\u00e4tespezifisch<\/td>\n<td width=\"216\">&#8211;<\/td>\n<\/tr>\n<tr>\n<td width=\"216\">Akustik\/Schall<\/td>\n<td width=\"216\">ger\u00e4tespezifisch<\/td>\n<td width=\"216\">&#8211;<\/td>\n<\/tr>\n<tr>\n<td colspan=\"3\" width=\"216\">\n<ul>\n<li>messtechnische Beratung und Mess-System-Analysen auf Anfrage<\/li>\n<li>sonstige Anfragen m\u00fcssen ger\u00e4tespezifisch abgestimmt werden<\/li>\n<li>Pr\u00fcfmittelverwaltung per Webbrowser mit Zugangsberechtigung m\u00f6glich<\/li>\n<\/ul>\n<\/td>\n<\/tr>\n<\/tbody>\n<\/table>\n","protected":false},"excerpt":{"rendered":"<p>Elektrische Messgr\u00f6\u00dfen Kalibrierleistung Werkskalibrierung DAkkS-Kalibrierung Gleichspannung 100 \u00b5V bis 25 kV 1 mV bis 10 kV Gleichstromst\u00e4rke 10 nA bis 100 A (direkt) bis 1000 A (Stromzangen) 10 \u00b5A bis 20 A Wechselspannung 1 mV bis 1000 V bis 25 kV (50 Hz) 10 mV bis 1000 V bis 10kV<\/p>\n","protected":false},"author":1,"featured_media":0,"parent":0,"menu_order":0,"comment_status":"closed","ping_status":"open","template":"","meta":[],"_links":{"self":[{"href":"https:\/\/ldh-kalibrierservice.de\/index.php?rest_route=\/wp\/v2\/pages\/101"}],"collection":[{"href":"https:\/\/ldh-kalibrierservice.de\/index.php?rest_route=\/wp\/v2\/pages"}],"about":[{"href":"https:\/\/ldh-kalibrierservice.de\/index.php?rest_route=\/wp\/v2\/types\/page"}],"author":[{"embeddable":true,"href":"https:\/\/ldh-kalibrierservice.de\/index.php?rest_route=\/wp\/v2\/users\/1"}],"replies":[{"embeddable":true,"href":"https:\/\/ldh-kalibrierservice.de\/index.php?rest_route=%2Fwp%2Fv2%2Fcomments&post=101"}],"version-history":[{"count":24,"href":"https:\/\/ldh-kalibrierservice.de\/index.php?rest_route=\/wp\/v2\/pages\/101\/revisions"}],"predecessor-version":[{"id":1082,"href":"https:\/\/ldh-kalibrierservice.de\/index.php?rest_route=\/wp\/v2\/pages\/101\/revisions\/1082"}],"wp:attachment":[{"href":"https:\/\/ldh-kalibrierservice.de\/index.php?rest_route=%2Fwp%2Fv2%2Fmedia&parent=101"}],"curies":[{"name":"wp","href":"https:\/\/api.w.org\/{rel}","templated":true}]}}