{"id":107,"date":"2015-01-24T11:56:37","date_gmt":"2015-01-24T10:56:37","guid":{"rendered":"http:\/\/ldh-kalibrierservice.de\/?page_id=107"},"modified":"2015-02-02T22:16:40","modified_gmt":"2015-02-02T21:16:40","slug":"pruefmittelverwaltung","status":"publish","type":"page","link":"https:\/\/ldh-kalibrierservice.de\/?page_id=107","title":{"rendered":"Pr\u00fcfmittelverwaltung"},"content":{"rendered":"<p>&nbsp;<\/p>\n<p style=\"text-align: justify;\">In\u00a0der Pr\u00fcfmittelverwaltung sind alle Ger\u00e4te erfasst und wir k\u00f6nnen Ihnen jederzeit einen \u00dcberblick \u00fcber den Status Ihres Pr\u00fcfmittels geben. Durch die eingepflegten Kalibrierzyklen besteht die M\u00f6glichkeit,\u00a0Ihnen die Wiedervorlage der f\u00e4lligen Mess- und Pr\u00fcfmittel zu melden. Auch eventuelle Besonderheiten des Pr\u00fcfmittels k\u00f6nnen mit abgelegt werden, sodass diese bei der n\u00e4chsten Bearbeitung des Pr\u00fcfmittels mit ber\u00fccksichtigt werden. Somit ist auch gew\u00e4hrleistet, dass \u00fcber die einzelnen Ereignisse eine Historie f\u00fcr jedes Pr\u00fcfmittel erstellt werden kann.\u00a0Durch die aktuelle Weiterentwicklung wird dieses Werkzeug auch \u00fcber Internetzugang unseren Kunden zur Verf\u00fcgung gestellt werden k\u00f6nnen.<\/p>\n<p style=\"text-align: justify;\"><strong>Auch Sie werden pers\u00f6nlich \u00fcber den aktuellen Stand der Entwicklung informiert.<\/strong><\/p>\n","protected":false},"excerpt":{"rendered":"<p>&nbsp; In\u00a0der Pr\u00fcfmittelverwaltung sind alle Ger\u00e4te erfasst und wir k\u00f6nnen Ihnen jederzeit einen \u00dcberblick \u00fcber den Status Ihres Pr\u00fcfmittels geben. Durch die eingepflegten Kalibrierzyklen besteht die M\u00f6glichkeit,\u00a0Ihnen die Wiedervorlage der f\u00e4lligen Mess- und Pr\u00fcfmittel zu melden. Auch eventuelle Besonderheiten des Pr\u00fcfmittels k\u00f6nnen mit abgelegt werden, sodass diese bei der n\u00e4chsten<\/p>\n","protected":false},"author":1,"featured_media":0,"parent":0,"menu_order":0,"comment_status":"closed","ping_status":"open","template":"","meta":[],"_links":{"self":[{"href":"https:\/\/ldh-kalibrierservice.de\/index.php?rest_route=\/wp\/v2\/pages\/107"}],"collection":[{"href":"https:\/\/ldh-kalibrierservice.de\/index.php?rest_route=\/wp\/v2\/pages"}],"about":[{"href":"https:\/\/ldh-kalibrierservice.de\/index.php?rest_route=\/wp\/v2\/types\/page"}],"author":[{"embeddable":true,"href":"https:\/\/ldh-kalibrierservice.de\/index.php?rest_route=\/wp\/v2\/users\/1"}],"replies":[{"embeddable":true,"href":"https:\/\/ldh-kalibrierservice.de\/index.php?rest_route=%2Fwp%2Fv2%2Fcomments&post=107"}],"version-history":[{"count":9,"href":"https:\/\/ldh-kalibrierservice.de\/index.php?rest_route=\/wp\/v2\/pages\/107\/revisions"}],"predecessor-version":[{"id":311,"href":"https:\/\/ldh-kalibrierservice.de\/index.php?rest_route=\/wp\/v2\/pages\/107\/revisions\/311"}],"wp:attachment":[{"href":"https:\/\/ldh-kalibrierservice.de\/index.php?rest_route=%2Fwp%2Fv2%2Fmedia&parent=107"}],"curies":[{"name":"wp","href":"https:\/\/api.w.org\/{rel}","templated":true}]}}