{"id":111,"date":"2015-01-24T11:56:55","date_gmt":"2015-01-24T10:56:55","guid":{"rendered":"http:\/\/ldh-kalibrierservice.de\/?page_id=111"},"modified":"2015-02-06T11:29:07","modified_gmt":"2015-02-06T10:29:07","slug":"software","status":"publish","type":"page","link":"https:\/\/ldh-kalibrierservice.de\/?page_id=111","title":{"rendered":"Software"},"content":{"rendered":"<p>&nbsp;<\/p>\n<p style=\"text-align: justify;\">Ein starkes\u00a0Softwareteam k\u00fcmmert sich um die Belange der Datentechnik in unserem Labor.\u00a0Unter Anderem\u00a0arbeitet man an der Netzwerk- und Sicherheitsadministration, um\u00a0einen fehlerfreien Ablauf\u00a0in unserem Unternehmen zu gew\u00e4hrleisten. Des\u00a0Weiteren\u00a0werden\u00a0\u00a0automatisierte Justage- und Kalibrierroutinen entwickelt,\u00a0um durch die zus\u00e4tzliche Softwareunterst\u00fctzung einen hohen Qualit\u00e4tsstandard zu garantieren. Auch werden hier Kundenanfragen im Bezug auf die Daten\u00fcbergabe bearbeitet. Im Zeitalter der Computertechnik sollte ein optimierter Datenaustausch erfolgen, um Mehrfacheingaben bei\u00a0Ihnen und uns zu vermeiden. Ebenso ist die automatisierte Kalibrier-\u00a0\u00a0 zertifikatserstellung Bestandteil der Softwareentwicklung. Somit besteht auch f\u00fcr Sie die\u00a0M\u00f6glichkeit, dass das\u00a0Ablagesystem f\u00fcr die Zertifikate\u00a0papierlos erfolgen kann.<\/p>\n<p style=\"text-align: justify;\"><strong>Softwareeinsatz muss\u00a0eine Arbeitserleichterung f\u00fcr Sie und uns zur Folge haben!<\/strong><\/p>\n","protected":false},"excerpt":{"rendered":"<p>&nbsp; Ein starkes\u00a0Softwareteam k\u00fcmmert sich um die Belange der Datentechnik in unserem Labor.\u00a0Unter Anderem\u00a0arbeitet man an der Netzwerk- und Sicherheitsadministration, um\u00a0einen fehlerfreien Ablauf\u00a0in unserem Unternehmen zu gew\u00e4hrleisten. Des\u00a0Weiteren\u00a0werden\u00a0\u00a0automatisierte Justage- und Kalibrierroutinen entwickelt,\u00a0um durch die zus\u00e4tzliche Softwareunterst\u00fctzung einen hohen Qualit\u00e4tsstandard zu garantieren. Auch werden hier Kundenanfragen im Bezug auf die Daten\u00fcbergabe<\/p>\n","protected":false},"author":1,"featured_media":0,"parent":0,"menu_order":0,"comment_status":"closed","ping_status":"open","template":"","meta":[],"_links":{"self":[{"href":"https:\/\/ldh-kalibrierservice.de\/index.php?rest_route=\/wp\/v2\/pages\/111"}],"collection":[{"href":"https:\/\/ldh-kalibrierservice.de\/index.php?rest_route=\/wp\/v2\/pages"}],"about":[{"href":"https:\/\/ldh-kalibrierservice.de\/index.php?rest_route=\/wp\/v2\/types\/page"}],"author":[{"embeddable":true,"href":"https:\/\/ldh-kalibrierservice.de\/index.php?rest_route=\/wp\/v2\/users\/1"}],"replies":[{"embeddable":true,"href":"https:\/\/ldh-kalibrierservice.de\/index.php?rest_route=%2Fwp%2Fv2%2Fcomments&post=111"}],"version-history":[{"count":11,"href":"https:\/\/ldh-kalibrierservice.de\/index.php?rest_route=\/wp\/v2\/pages\/111\/revisions"}],"predecessor-version":[{"id":328,"href":"https:\/\/ldh-kalibrierservice.de\/index.php?rest_route=\/wp\/v2\/pages\/111\/revisions\/328"}],"wp:attachment":[{"href":"https:\/\/ldh-kalibrierservice.de\/index.php?rest_route=%2Fwp%2Fv2%2Fmedia&parent=111"}],"curies":[{"name":"wp","href":"https:\/\/api.w.org\/{rel}","templated":true}]}}