{"id":4,"date":"2014-08-11T20:19:17","date_gmt":"2014-08-11T18:19:17","guid":{"rendered":"http:\/\/ldh-kalibrierservice.de\/?page_id=4"},"modified":"2026-01-09T09:36:02","modified_gmt":"2026-01-09T08:36:02","slug":"startseite","status":"publish","type":"page","link":"https:\/\/ldh-kalibrierservice.de\/","title":{"rendered":"Startseite"},"content":{"rendered":"\n<h4 class=\"wp-block-heading has-text-align-center\"><strong>Herzlich Willkommen bei der LDH Kalibrierservice GmbH<\/strong><\/h4>\n\n\n\n<p>Als kompetenter Dienstleister stehen wir Ihnen und Ihren Mess- und Pr\u00fcfmitteln jederzeit gerne zur Verf\u00fcgung. Wir kalibrieren in unserem von der <strong>DAkkS akkreditierten Kalibrierlabor<\/strong>&nbsp;mit&nbsp;modern ausgestatteten Messpl\u00e4tzen.<\/p>\n\n\n<div class=\"wp-block-image is-style-default\">\n<figure class=\"aligncenter size-large\"><a href=\"https:\/\/ldh-kalibrierservice.de\/wp-content\/uploads\/2014\/08\/JL2502153701.png\"><img decoding=\"async\" loading=\"lazy\" width=\"798\" height=\"220\" src=\"https:\/\/ldh-kalibrierservice.de\/wp-content\/uploads\/2014\/08\/JL2502153701.png\" alt=\"\" class=\"wp-image-355\" srcset=\"https:\/\/ldh-kalibrierservice.de\/wp-content\/uploads\/2014\/08\/JL2502153701.png 798w, https:\/\/ldh-kalibrierservice.de\/wp-content\/uploads\/2014\/08\/JL2502153701-300x83.png 300w\" sizes=\"(max-width: 798px) 100vw, 798px\" \/><\/a><\/figure><\/div>\n\n\n<figure class=\"wp-block-table is-style-stripes\"><table><tbody><tr><td><strong>Akkreditierung mit Anhang<\/strong><\/td><td><strong>Mitgliedschaft im DKD<\/strong><\/td><\/tr><tr><td><br><center><a href=\"https:\/\/ldh-kalibrierservice.de\/?page_id=105\" target=\"_blank\" rel=\"https:\/\/ldh-kalibrierservice.de\/wp-content\/uploads\/2021\/03\/2021_Akkreditierungsurkunde_09-03-2021.pdf noopener\"><img decoding=\"async\" loading=\"lazy\" class=\"aligncenter\" style=\"border: none; margin: 0em auto;\" src=\"https:\/\/ldh-kalibrierservice.de\/wp-content\/uploads\/2026\/01\/EADAKKS-RGB_D-K-18673-01-00.png\" alt=\"DAkkS-Logo\" width=\"304\" height=\"119\"><\/a><\/center><\/td><td><br><center><a href=\"https:\/\/ldh-kalibrierservice.de\/wp-content\/uploads\/2023\/06\/DKD-Mitgliederbescheinigung_LDH_2023.pdf\" target=\"_blank\" rel=\"noreferrer noopener\"><img decoding=\"async\" loading=\"lazy\" width=\"304\" height=\"119\" class=\"aligncenter\" style=\"border: none; margin: 0em auto;\" src=\"https:\/\/ldh-kalibrierservice.de\/wp-content\/uploads\/2026\/01\/DKD-Neues_Logo_2025-09-25_RGB.png\" alt=\"DKD\"><\/a><\/center><\/td><\/tr><\/tbody><\/table><\/figure>\n","protected":false},"excerpt":{"rendered":"<p>Herzlich Willkommen bei der LDH Kalibrierservice GmbH Als kompetenter Dienstleister stehen wir Ihnen und Ihren Mess- und Pr\u00fcfmitteln jederzeit gerne zur Verf\u00fcgung. Wir kalibrieren in unserem von der DAkkS akkreditierten Kalibrierlabor&nbsp;mit&nbsp;modern ausgestatteten Messpl\u00e4tzen. Akkreditierung mit Anhang Mitgliedschaft im DKD<\/p>\n","protected":false},"author":1,"featured_media":0,"parent":0,"menu_order":0,"comment_status":"closed","ping_status":"closed","template":"","meta":[],"_links":{"self":[{"href":"https:\/\/ldh-kalibrierservice.de\/index.php?rest_route=\/wp\/v2\/pages\/4"}],"collection":[{"href":"https:\/\/ldh-kalibrierservice.de\/index.php?rest_route=\/wp\/v2\/pages"}],"about":[{"href":"https:\/\/ldh-kalibrierservice.de\/index.php?rest_route=\/wp\/v2\/types\/page"}],"author":[{"embeddable":true,"href":"https:\/\/ldh-kalibrierservice.de\/index.php?rest_route=\/wp\/v2\/users\/1"}],"replies":[{"embeddable":true,"href":"https:\/\/ldh-kalibrierservice.de\/index.php?rest_route=%2Fwp%2Fv2%2Fcomments&post=4"}],"version-history":[{"count":40,"href":"https:\/\/ldh-kalibrierservice.de\/index.php?rest_route=\/wp\/v2\/pages\/4\/revisions"}],"predecessor-version":[{"id":1302,"href":"https:\/\/ldh-kalibrierservice.de\/index.php?rest_route=\/wp\/v2\/pages\/4\/revisions\/1302"}],"wp:attachment":[{"href":"https:\/\/ldh-kalibrierservice.de\/index.php?rest_route=%2Fwp%2Fv2%2Fmedia&parent=4"}],"curies":[{"name":"wp","href":"https:\/\/api.w.org\/{rel}","templated":true}]}}