{"id":43,"date":"2014-11-03T20:31:22","date_gmt":"2014-11-03T19:31:22","guid":{"rendered":"http:\/\/ldh-kalibrierservice.de\/?page_id=43"},"modified":"2023-04-16T17:59:04","modified_gmt":"2023-04-16T16:59:04","slug":"firmenprofil","status":"publish","type":"page","link":"https:\/\/ldh-kalibrierservice.de\/?page_id=43","title":{"rendered":"Unternehmen"},"content":{"rendered":"<p style=\"text-align: justify;\">Die Firma LDH Kalibrierservice GmbH wurde im April 2012 in der s\u00e4chsischen Landeshauptstadt Dresden gegr\u00fcndet und hat ein bereits seit \u00fcber 25 Jahren auf dem Markt aktives Kalibrierlabor \u00fcbernommen. Alle Mitarbeiter der LDH sind \u00fcber viele Jahre im Kalibrierwesen t\u00e4tig und haben das Kalibriergesch\u00e4ft von Grund auf erlernt.<\/p>\n<p style=\"text-align: justify;\">F\u00fcr unsere mit \u00fcbernommenen Kunden steht ein erweitertes Spektrum an <a title=\"Leistungsspektrum\" href=\"http:\/\/ldh-kalibrierservice.de\/?page_id=101\">Kalibrierm\u00f6glichkeiten<\/a> zur Verf\u00fcgung. Gerne w\u00fcrden wir auch Sie als Kunden gewinnen. Wir stellen uns jeder neuen Messaufgabe im Kalibriermarkt. Wir kalibrieren herstellerunabh\u00e4ngig und sind in der Lage, eine gro\u00dfe Bandbreite an Messger\u00e4ten zu bearbeiten. Unsere Akkreditierung nach DIN EN ISO\/IEC 17025:2018 wird beim DAkkS unter der Nummer <a title=\"Akkreditierung\" href=\"http:\/\/ldh-kalibrierservice.de\/?page_id=105\">D-K-18673-01-00<\/a> gef\u00fchrt.<\/p>\n<p style=\"text-align: justify;\">Auch sind wir durch moderne <a title=\"Messpl\u00e4tze\" href=\"http:\/\/ldh-kalibrierservice.de\/?page_id=103\">technische Ausstattung<\/a> und eigene Softwareentwicklung in der Lage, die Kalibrierungen auf kundenspezifische Anwendungen anzupassen. In modernen 816 m\u00b2 klimatisierten Labor- und B\u00fcror\u00e4umen steht ein erfahrenes Team von 17 Personen bereit, Ihre Messmittel zu bearbeiten. Des Weiteren gibt es die M\u00f6glichkeit, Kalibrierungen vor Ort bei Ihnen im Hause durchzuf\u00fchren. Mit unseren Firmenfahrzeugen k\u00f6nnen wir Ihnen auch einen Abhol- und Anlieferservice anbieten.<\/p>\n<p style=\"text-align: justify;\">\n<p style=\"text-align: justify;\">Die <a title=\"Kontakt\" href=\"http:\/\/ldh-kalibrierservice.de\/?page_id=6\">LDH Kalibrierservice GmbH<\/a> befindet sich in Autobahnn\u00e4he und das Zentrum von Dresden ist mit dem Auto in 15 Minuten erreichbar.<\/p>\n","protected":false},"excerpt":{"rendered":"<p>Die Firma LDH Kalibrierservice GmbH wurde im April 2012 in der s\u00e4chsischen Landeshauptstadt Dresden gegr\u00fcndet und hat ein bereits seit \u00fcber 25 Jahren auf dem Markt aktives Kalibrierlabor \u00fcbernommen. Alle Mitarbeiter der LDH sind \u00fcber viele Jahre im Kalibrierwesen t\u00e4tig und haben das Kalibriergesch\u00e4ft von Grund auf erlernt. F\u00fcr unsere<\/p>\n","protected":false},"author":1,"featured_media":0,"parent":0,"menu_order":0,"comment_status":"closed","ping_status":"closed","template":"","meta":[],"_links":{"self":[{"href":"https:\/\/ldh-kalibrierservice.de\/index.php?rest_route=\/wp\/v2\/pages\/43"}],"collection":[{"href":"https:\/\/ldh-kalibrierservice.de\/index.php?rest_route=\/wp\/v2\/pages"}],"about":[{"href":"https:\/\/ldh-kalibrierservice.de\/index.php?rest_route=\/wp\/v2\/types\/page"}],"author":[{"embeddable":true,"href":"https:\/\/ldh-kalibrierservice.de\/index.php?rest_route=\/wp\/v2\/users\/1"}],"replies":[{"embeddable":true,"href":"https:\/\/ldh-kalibrierservice.de\/index.php?rest_route=%2Fwp%2Fv2%2Fcomments&post=43"}],"version-history":[{"count":22,"href":"https:\/\/ldh-kalibrierservice.de\/index.php?rest_route=\/wp\/v2\/pages\/43\/revisions"}],"predecessor-version":[{"id":1017,"href":"https:\/\/ldh-kalibrierservice.de\/index.php?rest_route=\/wp\/v2\/pages\/43\/revisions\/1017"}],"wp:attachment":[{"href":"https:\/\/ldh-kalibrierservice.de\/index.php?rest_route=%2Fwp%2Fv2%2Fmedia&parent=43"}],"curies":[{"name":"wp","href":"https:\/\/api.w.org\/{rel}","templated":true}]}}