{"id":697,"date":"2021-01-17T18:32:36","date_gmt":"2021-01-17T17:32:36","guid":{"rendered":"https:\/\/ldh-kalibrierservice.de\/?page_id=697"},"modified":"2025-08-11T09:49:23","modified_gmt":"2025-08-11T08:49:23","slug":"konformitaet","status":"publish","type":"page","link":"https:\/\/ldh-kalibrierservice.de\/?page_id=697","title":{"rendered":"Konformit\u00e4t"},"content":{"rendered":"\n<p>Wir bieten jetzt auch die M\u00f6glichkeit, die Entscheidungsregel gem\u00e4\u00df der Konformit\u00e4tserkl\u00e4rung im DAkkS-Kalibrierschein sowie im Werkskalibrierschein auszuw\u00e4hlen.<\/p>\n\n\n\n<p>Es stehen 3 Entscheidungsregeln zur Auswahl. Diese unterscheiden sich in Ihrem Vertrauensniveau f\u00fcr die ausgesprochene Konformit\u00e4tsaussage und damit im Akzeptanzbereich der ermittelten Messwerte. <\/p>\n\n\n\n<p>Bei bekannten Herstellertoleranzen wird bei uns im Haus standardm\u00e4\u00dfig die <strong>Entscheidungsregel 2<\/strong> verwendet.<\/p>\n\n\n\n<h4 class=\"wp-block-heading has-text-align-center\">Entscheidungsregel 1<\/h4>\n\n\n\n<p>Aufgrund unzureichender Pr\u00fcflings Informationen (keine normative Regelung, Hersteller- bzw. Kunden-Toleranzen) oder auch auf Kundenwunsch, erfolgt hier keine Angabe der Konformit\u00e4t im Kalibrierschein.<\/p>\n\n\n\n<h4 class=\"wp-block-heading has-text-align-center\">Entscheidungsregel 2<\/h4>\n\n\n\n<p>Dies ist die bin\u00e4re Entscheidungsregel gem\u00e4\u00df ILAC-G8:09\/2019 (Kapitel 4.2.1).&nbsp; Die erweiterte Messunsicherheit wird f\u00fcr die Bewertung nicht ber\u00fccksichtigt.<\/p>\n\n\n<div class=\"wp-block-image\">\n<figure class=\"aligncenter size-full\"><a href=\"https:\/\/ldh-kalibrierservice.de\/wp-content\/uploads\/2025\/01\/Konformitaetsregel_2.jpg\"><img decoding=\"async\" loading=\"lazy\" width=\"750\" height=\"269\" src=\"https:\/\/ldh-kalibrierservice.de\/wp-content\/uploads\/2025\/01\/Konformitaetsregel_2.jpg\" alt=\"\" class=\"wp-image-1168\" srcset=\"https:\/\/ldh-kalibrierservice.de\/wp-content\/uploads\/2025\/01\/Konformitaetsregel_2.jpg 750w, https:\/\/ldh-kalibrierservice.de\/wp-content\/uploads\/2025\/01\/Konformitaetsregel_2-300x108.jpg 300w\" sizes=\"(max-width: 750px) 100vw, 750px\" \/><\/a><\/figure><\/div>\n\n\n<p>Die Entscheidungsregel wird wie folgt gekennzeichnet:<\/p>\n\n\n\n<p><strong>i.T.<\/strong> Der Messwert liegt, ohne Ber\u00fccksichtigung der erweiterten Messunsicherheit, innerhalb der Spezifikationsgrenzen.<\/p>\n\n\n\n<p><strong>a.T.&nbsp;<\/strong>Der Messwert liegt, ohne Ber\u00fccksichtigung der erweiterten Messunsicherheit, au\u00dferhalb der Spezifikationsgrenzen.<\/p>\n\n\n\n<h4 class=\"wp-block-heading has-text-align-center\">Entscheidungsregel 3<\/h4>\n\n\n\n<p>Dies ist die nicht bin\u00e4re Entscheidungsregel gem\u00e4\u00df ILAC-G8:09\/2019 (Kapitel 4.2.3). Die erweitere Messunsicherheit wird f\u00fcr die Bewertung ber\u00fccksichtigt.<\/p>\n\n\n<div class=\"wp-block-image\">\n<figure class=\"aligncenter size-full\"><a href=\"https:\/\/ldh-kalibrierservice.de\/wp-content\/uploads\/2025\/01\/Konformitaetsregel_3.jpg\"><img decoding=\"async\" loading=\"lazy\" width=\"747\" height=\"268\" src=\"https:\/\/ldh-kalibrierservice.de\/wp-content\/uploads\/2025\/01\/Konformitaetsregel_3.jpg\" alt=\"\" class=\"wp-image-1169\" srcset=\"https:\/\/ldh-kalibrierservice.de\/wp-content\/uploads\/2025\/01\/Konformitaetsregel_3.jpg 747w, https:\/\/ldh-kalibrierservice.de\/wp-content\/uploads\/2025\/01\/Konformitaetsregel_3-300x108.jpg 300w\" sizes=\"(max-width: 747px) 100vw, 747px\" \/><\/a><\/figure><\/div>\n\n\n<p>Die Entscheidungsregel wird wie folgt gekennzeichnet:<\/p>\n\n\n\n<p><strong>i.T.<\/strong> Der Messwert liegt, unter Ber\u00fccksichtigung der erweiterten Messunsicherheit, innerhalb der Spezifikationsgrenzen.<\/p>\n\n\n\n<p><strong>i.T.?<\/strong> Unter Ber\u00fccksichtigung der erweiterten Messunsicherheit kann keine Konformit\u00e4t best\u00e4tigt werden, obwohl der Messwert sich innerhalb der Spezifikationsgrenzen befindet.<\/p>\n\n\n\n<p><strong>a.T.?<\/strong> Unter Ber\u00fccksichtigung der erweiterten Messunsicherheit kann keine Nichtkonformit\u00e4t best\u00e4tigt werden, obwohl der Messwert sich au\u00dferhalb der Spezifikationsgrenzen befindet.<\/p>\n\n\n\n<p><strong>a.T.<\/strong> Der Messwert liegt, unter Ber\u00fccksichtigung der erweiterten Messunsicherheit, au\u00dferhalb der Spezifikationsgrenzen.<\/p>\n\n\n\n<p><br><br><br><a href=\"https:\/\/ldh-kalibrierservice.de\/wp-content\/uploads\/2025\/01\/Information_Konformitaet_Homepage_Regel_123.pdf\" target=\"_blank\" rel=\"noreferrer noopener\">Download Informationsblatt zur Konformit\u00e4t<\/a><\/p>\n","protected":false},"excerpt":{"rendered":"<p>Wir bieten jetzt auch die M\u00f6glichkeit, die Entscheidungsregel gem\u00e4\u00df der Konformit\u00e4tserkl\u00e4rung im DAkkS-Kalibrierschein sowie im Werkskalibrierschein auszuw\u00e4hlen. Es stehen 3 Entscheidungsregeln zur Auswahl. Diese unterscheiden sich in Ihrem Vertrauensniveau f\u00fcr die ausgesprochene Konformit\u00e4tsaussage und damit im Akzeptanzbereich der ermittelten Messwerte. Bei bekannten Herstellertoleranzen wird bei uns im Haus standardm\u00e4\u00dfig die<\/p>\n","protected":false},"author":1,"featured_media":0,"parent":0,"menu_order":0,"comment_status":"closed","ping_status":"closed","template":"","meta":[],"_links":{"self":[{"href":"https:\/\/ldh-kalibrierservice.de\/index.php?rest_route=\/wp\/v2\/pages\/697"}],"collection":[{"href":"https:\/\/ldh-kalibrierservice.de\/index.php?rest_route=\/wp\/v2\/pages"}],"about":[{"href":"https:\/\/ldh-kalibrierservice.de\/index.php?rest_route=\/wp\/v2\/types\/page"}],"author":[{"embeddable":true,"href":"https:\/\/ldh-kalibrierservice.de\/index.php?rest_route=\/wp\/v2\/users\/1"}],"replies":[{"embeddable":true,"href":"https:\/\/ldh-kalibrierservice.de\/index.php?rest_route=%2Fwp%2Fv2%2Fcomments&post=697"}],"version-history":[{"count":10,"href":"https:\/\/ldh-kalibrierservice.de\/index.php?rest_route=\/wp\/v2\/pages\/697\/revisions"}],"predecessor-version":[{"id":1199,"href":"https:\/\/ldh-kalibrierservice.de\/index.php?rest_route=\/wp\/v2\/pages\/697\/revisions\/1199"}],"wp:attachment":[{"href":"https:\/\/ldh-kalibrierservice.de\/index.php?rest_route=%2Fwp%2Fv2%2Fmedia&parent=697"}],"curies":[{"name":"wp","href":"https:\/\/api.w.org\/{rel}","templated":true}]}}