{"id":87,"date":"2015-01-24T11:52:28","date_gmt":"2015-01-24T10:52:28","guid":{"rendered":"http:\/\/ldh-kalibrierservice.de\/?page_id=87"},"modified":"2023-03-17T07:01:44","modified_gmt":"2023-03-17T06:01:44","slug":"unternehmensleitbild","status":"publish","type":"page","link":"https:\/\/ldh-kalibrierservice.de\/?page_id=87","title":{"rendered":"Unternehmensleitbild"},"content":{"rendered":"<h3>Unternehmensleitbild<\/h3>\n<ul>\n<li>Unsere Kernkompetenz ist die Kalibrierung Ihrer Mess- und Pr\u00fcfmittel.<\/li>\n<li>Wir helfen Ihnen bei der L\u00f6sung Ihrer Messaufgaben und dem Einsatz der richtigen Pr\u00fcfmittel.<\/li>\n<li>Flexibilit\u00e4t und schnelle Bearbeitung&nbsp;garantieren kurze Durchlaufzeiten in unserem Labor.<\/li>\n<li>Kundenorientierte Erweiterungen des Leistungsspektrums verhelfen zu kontinuierlichem Wachstum.<\/li>\n<li>Wichtigster Erfolgsfaktor sind hochqualifizierte, motivierte und leistungsorientierte Mitarbeiter.<\/li>\n<li>Wirtschaftlichkeit f\u00fcr Sie und uns.<\/li>\n<\/ul>\n","protected":false},"excerpt":{"rendered":"<p>Unternehmensleitbild Unsere Kernkompetenz ist die Kalibrierung Ihrer Mess- und Pr\u00fcfmittel. Wir helfen Ihnen bei der L\u00f6sung Ihrer Messaufgaben und dem Einsatz der richtigen Pr\u00fcfmittel. Flexibilit\u00e4t und schnelle Bearbeitung&nbsp;garantieren kurze Durchlaufzeiten in unserem Labor. Kundenorientierte Erweiterungen des Leistungsspektrums verhelfen zu kontinuierlichem Wachstum. Wichtigster Erfolgsfaktor sind hochqualifizierte, motivierte und leistungsorientierte Mitarbeiter. Wirtschaftlichkeit<\/p>\n","protected":false},"author":1,"featured_media":0,"parent":0,"menu_order":0,"comment_status":"closed","ping_status":"open","template":"","meta":[],"_links":{"self":[{"href":"https:\/\/ldh-kalibrierservice.de\/index.php?rest_route=\/wp\/v2\/pages\/87"}],"collection":[{"href":"https:\/\/ldh-kalibrierservice.de\/index.php?rest_route=\/wp\/v2\/pages"}],"about":[{"href":"https:\/\/ldh-kalibrierservice.de\/index.php?rest_route=\/wp\/v2\/types\/page"}],"author":[{"embeddable":true,"href":"https:\/\/ldh-kalibrierservice.de\/index.php?rest_route=\/wp\/v2\/users\/1"}],"replies":[{"embeddable":true,"href":"https:\/\/ldh-kalibrierservice.de\/index.php?rest_route=%2Fwp%2Fv2%2Fcomments&post=87"}],"version-history":[{"count":14,"href":"https:\/\/ldh-kalibrierservice.de\/index.php?rest_route=\/wp\/v2\/pages\/87\/revisions"}],"predecessor-version":[{"id":856,"href":"https:\/\/ldh-kalibrierservice.de\/index.php?rest_route=\/wp\/v2\/pages\/87\/revisions\/856"}],"wp:attachment":[{"href":"https:\/\/ldh-kalibrierservice.de\/index.php?rest_route=%2Fwp%2Fv2%2Fmedia&parent=87"}],"curies":[{"name":"wp","href":"https:\/\/api.w.org\/{rel}","templated":true}]}}