{"id":875,"date":"2023-06-08T13:28:11","date_gmt":"2023-06-08T12:28:11","guid":{"rendered":"https:\/\/ldh-kalibrierservice.de\/?page_id=875"},"modified":"2025-01-31T08:52:03","modified_gmt":"2025-01-31T07:52:03","slug":"abhol-und-anlieferservice","status":"publish","type":"page","link":"https:\/\/ldh-kalibrierservice.de\/?page_id=875","title":{"rendered":"Abhol- und Anlieferservice"},"content":{"rendered":"\n<h3 class=\"wp-block-heading\">Abhol- und Anlieferservice<\/h3>\n\n\n\n<div class=\"wp-block-columns is-layout-flex wp-container-3\">\n<div class=\"wp-block-column is-layout-flow\" style=\"flex-basis:33.33%\">\n<figure class=\"wp-block-image size-full\"><a href=\"https:\/\/ldh-kalibrierservice.de\/wp-content\/uploads\/2025\/01\/Abholung_Fahrzeuge.jpg\"><img decoding=\"async\" loading=\"lazy\" width=\"1024\" height=\"682\" src=\"https:\/\/ldh-kalibrierservice.de\/wp-content\/uploads\/2025\/01\/Abholung_Fahrzeuge.jpg\" alt=\"\" class=\"wp-image-1175\" srcset=\"https:\/\/ldh-kalibrierservice.de\/wp-content\/uploads\/2025\/01\/Abholung_Fahrzeuge.jpg 1024w, https:\/\/ldh-kalibrierservice.de\/wp-content\/uploads\/2025\/01\/Abholung_Fahrzeuge-300x200.jpg 300w, https:\/\/ldh-kalibrierservice.de\/wp-content\/uploads\/2025\/01\/Abholung_Fahrzeuge-768x512.jpg 768w\" sizes=\"(max-width: 1024px) 100vw, 1024px\" \/><\/a><\/figure>\n<\/div>\n\n\n\n<div class=\"wp-block-column is-layout-flow\" style=\"flex-basis:66.66%\">\n<p>Wir stellen Ihnen nicht nur die gew\u00fcnschte Kalibrierung zur Verf\u00fcgung, sondern bieten Ihnen auch einen kompetenten Abhol- und Anlieferservice.<br>Die LDH  Kalibrierservice GmbH verf\u00fcgt \u00fcber eine eigenen Fuhrpark, was f\u00fcr Sie ein hohes Ma\u00df an Flexibilit\u00e4t und Sicherheit bedeutet. Unser qualifiziertes Personal verpackt Ihrer Pr\u00fcfmittel in ged\u00e4mpften Aluminiumboxen und garantiert einen reibungslosen<br>Transport.<\/p>\n<\/div>\n<\/div>\n\n\n\n<p>Gern unterbreiten wir Ihnen f\u00fcr Ihre spezielle Anforderung ein Angebot.<\/p>\n","protected":false},"excerpt":{"rendered":"<p>Abhol- und Anlieferservice Wir stellen Ihnen nicht nur die gew\u00fcnschte Kalibrierung zur Verf\u00fcgung, sondern bieten Ihnen auch einen kompetenten Abhol- und Anlieferservice.Die LDH Kalibrierservice GmbH verf\u00fcgt \u00fcber eine eigenen Fuhrpark, was f\u00fcr Sie ein hohes Ma\u00df an Flexibilit\u00e4t und Sicherheit bedeutet. Unser qualifiziertes Personal verpackt Ihrer Pr\u00fcfmittel in ged\u00e4mpften Aluminiumboxen<\/p>\n","protected":false},"author":3,"featured_media":0,"parent":0,"menu_order":0,"comment_status":"closed","ping_status":"closed","template":"","meta":[],"_links":{"self":[{"href":"https:\/\/ldh-kalibrierservice.de\/index.php?rest_route=\/wp\/v2\/pages\/875"}],"collection":[{"href":"https:\/\/ldh-kalibrierservice.de\/index.php?rest_route=\/wp\/v2\/pages"}],"about":[{"href":"https:\/\/ldh-kalibrierservice.de\/index.php?rest_route=\/wp\/v2\/types\/page"}],"author":[{"embeddable":true,"href":"https:\/\/ldh-kalibrierservice.de\/index.php?rest_route=\/wp\/v2\/users\/3"}],"replies":[{"embeddable":true,"href":"https:\/\/ldh-kalibrierservice.de\/index.php?rest_route=%2Fwp%2Fv2%2Fcomments&post=875"}],"version-history":[{"count":7,"href":"https:\/\/ldh-kalibrierservice.de\/index.php?rest_route=\/wp\/v2\/pages\/875\/revisions"}],"predecessor-version":[{"id":1176,"href":"https:\/\/ldh-kalibrierservice.de\/index.php?rest_route=\/wp\/v2\/pages\/875\/revisions\/1176"}],"wp:attachment":[{"href":"https:\/\/ldh-kalibrierservice.de\/index.php?rest_route=%2Fwp%2Fv2%2Fmedia&parent=875"}],"curies":[{"name":"wp","href":"https:\/\/api.w.org\/{rel}","templated":true}]}}