{"id":879,"date":"2023-06-08T13:29:08","date_gmt":"2023-06-08T12:29:08","guid":{"rendered":"https:\/\/ldh-kalibrierservice.de\/?page_id=879"},"modified":"2025-01-31T08:57:34","modified_gmt":"2025-01-31T07:57:34","slug":"justage","status":"publish","type":"page","link":"https:\/\/ldh-kalibrierservice.de\/?page_id=879","title":{"rendered":"Justage"},"content":{"rendered":"\n<h3 class=\"wp-block-heading\">Wartung, Justage und kleine Reparaturen<\/h3>\n\n\n\n<div class=\"wp-block-columns is-layout-flex wp-container-3\">\n<div class=\"wp-block-column is-layout-flow\" style=\"flex-basis:33.33%\">\n<figure class=\"wp-block-image size-full\"><a href=\"https:\/\/ldh-kalibrierservice.de\/wp-content\/uploads\/2025\/01\/Justage-1.jpg\"><img decoding=\"async\" loading=\"lazy\" width=\"1024\" height=\"682\" src=\"https:\/\/ldh-kalibrierservice.de\/wp-content\/uploads\/2025\/01\/Justage-1.jpg\" alt=\"\" class=\"wp-image-1180\" srcset=\"https:\/\/ldh-kalibrierservice.de\/wp-content\/uploads\/2025\/01\/Justage-1.jpg 1024w, https:\/\/ldh-kalibrierservice.de\/wp-content\/uploads\/2025\/01\/Justage-1-300x200.jpg 300w, https:\/\/ldh-kalibrierservice.de\/wp-content\/uploads\/2025\/01\/Justage-1-768x512.jpg 768w\" sizes=\"(max-width: 1024px) 100vw, 1024px\" \/><\/a><\/figure>\n<\/div>\n\n\n\n<div class=\"wp-block-column is-layout-flow\" style=\"flex-basis:66.66%\">\n<p>Ihr Messsystem ist au\u00dferhalb der Spezifikation oder sogar nicht mehr funktionsf\u00e4hig? <br>Die LDH Kalibrierservice GmbH analysiert die Fehlerursache und \u00fcbernimmt die Reparatur oder Wartung Ihrer Messger\u00e4te. Die Abwicklung erfolgt durch unsere geschulten Service-Techniker in Kooperation mit den Herstellern. <\/p>\n<\/div>\n<\/div>\n\n\n\n<p>Gern unterbreiten wir Ihnen f\u00fcr Ihre spezielle Anforderung ein Angebot.<\/p>\n","protected":false},"excerpt":{"rendered":"<p>Wartung, Justage und kleine Reparaturen Ihr Messsystem ist au\u00dferhalb der Spezifikation oder sogar nicht mehr funktionsf\u00e4hig? Die LDH Kalibrierservice GmbH analysiert die Fehlerursache und \u00fcbernimmt die Reparatur oder Wartung Ihrer Messger\u00e4te. Die Abwicklung erfolgt durch unsere geschulten Service-Techniker in Kooperation mit den Herstellern. Gern unterbreiten wir Ihnen f\u00fcr Ihre spezielle<\/p>\n","protected":false},"author":3,"featured_media":0,"parent":0,"menu_order":0,"comment_status":"closed","ping_status":"closed","template":"","meta":[],"_links":{"self":[{"href":"https:\/\/ldh-kalibrierservice.de\/index.php?rest_route=\/wp\/v2\/pages\/879"}],"collection":[{"href":"https:\/\/ldh-kalibrierservice.de\/index.php?rest_route=\/wp\/v2\/pages"}],"about":[{"href":"https:\/\/ldh-kalibrierservice.de\/index.php?rest_route=\/wp\/v2\/types\/page"}],"author":[{"embeddable":true,"href":"https:\/\/ldh-kalibrierservice.de\/index.php?rest_route=\/wp\/v2\/users\/3"}],"replies":[{"embeddable":true,"href":"https:\/\/ldh-kalibrierservice.de\/index.php?rest_route=%2Fwp%2Fv2%2Fcomments&post=879"}],"version-history":[{"count":7,"href":"https:\/\/ldh-kalibrierservice.de\/index.php?rest_route=\/wp\/v2\/pages\/879\/revisions"}],"predecessor-version":[{"id":1181,"href":"https:\/\/ldh-kalibrierservice.de\/index.php?rest_route=\/wp\/v2\/pages\/879\/revisions\/1181"}],"wp:attachment":[{"href":"https:\/\/ldh-kalibrierservice.de\/index.php?rest_route=%2Fwp%2Fv2%2Fmedia&parent=879"}],"curies":[{"name":"wp","href":"https:\/\/api.w.org\/{rel}","templated":true}]}}