{"id":97,"date":"2015-01-24T11:54:26","date_gmt":"2015-01-24T10:54:26","guid":{"rendered":"http:\/\/ldh-kalibrierservice.de\/?page_id=97"},"modified":"2025-04-28T06:44:05","modified_gmt":"2025-04-28T05:44:05","slug":"mitarbeiter","status":"publish","type":"page","link":"https:\/\/ldh-kalibrierservice.de\/?page_id=97","title":{"rendered":"Mitarbeiter"},"content":{"rendered":"<p><script type=\"text\/javascript\" language=\"JavaScript\">\/\/ <![CDATA[ function verboten() { return false; } \/\/ ]]><\/script><\/p>\n<div id=\"ansprechpartner\">\n<div>\n<h3 class=\"widgettitle\">Gesch\u00e4ftsleitung<\/h3>\n<\/div>\n<div class=\"ce_text box_ansprechpartner block\">\n<div class=\"image_container\"><img decoding=\"async\" loading=\"lazy\" src=\"https:\/\/ldh-kalibrierservice.de\/wp-content\/uploads\/2024\/08\/Lorenz_140x186.jpg\" alt=\"Stefan Lorenz\" width=\"140\" height=\"186\"><\/div>\n<p><strong>Stefan Lorenz<\/strong><br \/>\nGesch\u00e4ftsf\u00fchrung<br \/>\nVertrieb<\/p>\n<\/div>\n<div class=\"clearit\">\n<h3 class=\"widgettitle\">Laborleitung<\/h3>\n<\/div>\n<div class=\"ce_text box_ansprechpartner block\">\n<div class=\"image_container\"><img decoding=\"async\" loading=\"lazy\" src=\"https:\/\/ldh-kalibrierservice.de\/wp-content\/uploads\/2024\/08\/Groetzschel_140x186.jpg\" alt=\"Michael Gr\u00f6tzschel\" width=\"140\" height=\"186\"><\/div>\n<p><strong>Michael Gr\u00f6tzschel<\/strong><br \/>\nLaborleiter<br \/>\nVertrieb<br \/>\nTechnik<\/p>\n<\/div>\n<div class=\"ce_text box_ansprechpartner block\">\n<div class=\"image_container\"><img decoding=\"async\" loading=\"lazy\" src=\"https:\/\/ldh-kalibrierservice.de\/wp-content\/uploads\/2024\/08\/Grundig_140x186.jpg\" alt=\"Rene Grundig\" width=\"140\" height=\"186\"><\/div>\n<p><strong>Rene Grundig <\/strong><br \/>\nstellvertr. Laborleiter<br \/>\nTechnik<\/p>\n<\/div>\n<\/div>\n<div class=\"clearit\">\n<h3 class=\"widgettitle\">Qualit\u00e4tsmanagement<\/h3>\n<\/div>\n<div class=\"ce_text box_ansprechpartner block\">\n<div class=\"image_container\"><img decoding=\"async\" loading=\"lazy\" src=\"https:\/\/ldh-kalibrierservice.de\/wp-content\/uploads\/2024\/08\/Hallbauer_140x186.jpg\" alt=\"Lars Hallbauer\" width=\"140\" height=\"186\"><\/div>\n<p><strong>Lars Hallbauer <\/strong><br \/>\nQMB<br \/>\nTechnik<\/p>\n<\/div>\n<div class=\"ce_text box_ansprechpartner block\">\n<div class=\"image_container\"><img decoding=\"async\" loading=\"lazy\" src=\"https:\/\/ldh-kalibrierservice.de\/wp-content\/uploads\/2024\/08\/Drange_140x186.jpg\" alt=\"Burkhard Drange\" width=\"140\" height=\"186\"><\/div>\n<p><strong>Burkhardt Drange<\/strong><br \/>\nstellvertr. QMB<br \/>\nTechnik<\/p>\n<\/div>\n<div class=\"clearit\">\n<h3 class=\"widgettitle\">Abwicklung \/ Buchhaltung<\/h3>\n<\/div>\n<div class=\"ce_text box_ansprechpartner block\">\n<div class=\"image_container\"><img decoding=\"async\" loading=\"lazy\" src=\"https:\/\/ldh-kalibrierservice.de\/wp-content\/uploads\/2024\/08\/Kraft_140x186.jpg\" alt=\"Bianca Kraft\" width=\"140\" height=\"186\"><\/div>\n<p><strong>Bianca Kraft<\/strong><br \/>\nTeamassistentin<br \/>\nAbwicklung<br \/>\nVertrieb<\/p>\n<\/div>\n<div class=\"ce_text box_ansprechpartner block\">\n<div class=\"image_container\"><img decoding=\"async\" loading=\"lazy\" src=\"https:\/\/ldh-kalibrierservice.de\/wp-content\/uploads\/2024\/08\/Mueller_140x186.jpg\" alt=\"Sylvia M\u00fcller\" width=\"140\" height=\"186\"><\/div>\n<p><strong>Sylvia M\u00fcller<\/strong><br \/>\nTeamassistentin<br \/>\nAbwicklung<br \/>\nBuchhaltung<br \/>\nVertrieb<\/p>\n<\/div>\n<div class=\"ce_text box_ansprechpartner block\">\n<div class=\"image_container\"><img decoding=\"async\" loading=\"lazy\" src=\"https:\/\/ldh-kalibrierservice.de\/wp-content\/uploads\/2024\/08\/Helbig_140x186.jpg\" alt=\"Anja Helbig\" width=\"140\" height=\"186\"><\/div>\n<p><strong>Anja Helbig<\/strong><br \/>\nTeamassistentin<br \/>\nAbwicklung<br \/>\nVertrieb<\/p>\n<\/div>\n<div class=\"clearit\">\n<h3 class=\"widgettitle\">Wareneingang \/ -ausgang<\/h3>\n<\/div>\n<div class=\"ce_text box_ansprechpartner block\">\n<div class=\"image_container\"><img decoding=\"async\" loading=\"lazy\" src=\"https:\/\/ldh-kalibrierservice.de\/wp-content\/uploads\/2024\/08\/Ulbrich_140x186.jpg\" alt=\"Grit Ulbrich\" width=\"140\" height=\"186\"><\/div>\n<p><strong>Grit Ulbrich<\/strong><br \/>\nTeamassistentin<br \/>\nAbwicklung<br \/>\nLogistik<\/p>\n<\/div>\n<div class=\"ce_text box_ansprechpartner block\">\n<div class=\"image_container\"><img decoding=\"async\" loading=\"lazy\" src=\"https:\/\/ldh-kalibrierservice.de\/wp-content\/uploads\/2024\/08\/Franke_140x186.jpg\" alt=\"Susann Franke\" width=\"140\" height=\"186\"><\/div>\n<p><strong>Susann Franke<\/strong><br \/>\nTeamassistentin<br \/>\nLogistik<\/p>\n<\/div>\n<div class=\"ce_text box_ansprechpartner block\">\n<div class=\"image_container\"><img decoding=\"async\" loading=\"lazy\" src=\"https:\/\/ldh-kalibrierservice.de\/wp-content\/uploads\/2024\/08\/Goehlert_140x186.jpg\" alt=\"Thomas G\u00f6hlert\" width=\"140\" height=\"186\"><\/div>\n<p><strong>Thomas G\u00f6hlert<\/strong><br \/>\nTeamassistent<br \/>\nLogistik<\/p>\n<\/div>\n<div class=\"clearit\">\n<h3 class=\"widgettitle\">Techniker<\/h3>\n<\/div>\n<div class=\"ce_text big_box_ansprechpartner block\">\n<div class=\"image_container\"><img decoding=\"async\" loading=\"lazy\" src=\"https:\/\/ldh-kalibrierservice.de\/wp-content\/uploads\/2024\/08\/Grundig_140x186.jpg\" alt=\"Rene Grundig\" width=\"140\" height=\"186\"><\/div>\n<p><strong>Rene Grundig <\/strong><br \/>\nAllgemeine Messtechnik<br \/>\nMesstechnik im Bereich<br \/>\n&#8211; LCR<br \/>\n&#8211; Modulare Messsysteme<br \/>\n&#8211; Kommunikationstechnik \/ Bitfehler \/ Jitter<br \/>\n&#8211; EMV<\/p>\n<\/div>\n<div class=\"ce_text big_box_ansprechpartner block\">\n<div class=\"image_container\"><img decoding=\"async\" loading=\"lazy\" src=\"https:\/\/ldh-kalibrierservice.de\/wp-content\/uploads\/2024\/08\/Hallbauer_140x186.jpg\" alt=\"Lars Hallbauer\" width=\"140\" height=\"186\"><\/div>\n<p><strong>Lars Hallbauer <\/strong><br \/>\nAllgemeine Messtechnik<br \/>\nMesstechnik im Bereich<br \/>\n&#8211; Temperatur und Feuchte<br \/>\n&#8211; Infrarotthermometer<br \/>\n&#8211; Klima- \/ W\u00e4rmeschr\u00e4nke<br \/>\n&#8211; Druck<\/p>\n<\/div>\n<div class=\"ce_text big_box_ansprechpartner block\">\n<div class=\"image_container\"><img decoding=\"async\" loading=\"lazy\" src=\"https:\/\/ldh-kalibrierservice.de\/wp-content\/uploads\/2024\/08\/Drange_140x186.jpg\" alt=\"Burkhard Drange\" width=\"140\" height=\"186\"><\/div>\n<p><strong>Burkhardt Drange<\/strong><br \/>\nAllgemeine Messtechnik<br \/>\nMesstechnik im Bereich<br \/>\n&#8211; Dimensionelle Messger\u00e4te<br \/>\n&#8211; Temperatur<br \/>\nMSA-Projekte<\/p>\n<\/div>\n<div class=\"ce_text big_box_ansprechpartner block\">\n<div class=\"image_container\"><img decoding=\"async\" loading=\"lazy\" src=\"https:\/\/ldh-kalibrierservice.de\/wp-content\/uploads\/2025\/04\/Hofmann_140x186.jpg\" alt=\"Siegmar Hofmann\" width=\"140\" height=\"186\"><\/div>\n<p><strong>Siegmar Hofmann<\/strong><br \/>\nAllgemeine Messtechnik<br \/>\nMesstechnik im Bereich<br \/>\n&#8211; HF-Leistung, Spektrum-\/Netzwerkanalyse<br \/>\n&#8211; Frequenz, Frequenzz\u00e4hler<br \/>\n&#8211; Signalgeneratoren<br \/>\n&#8211; Optische Messtechnik<\/p>\n<\/div>\n<div class=\"ce_text big_box_ansprechpartner block\">\n<div class=\"image_container\"><img decoding=\"async\" loading=\"lazy\" src=\"https:\/\/ldh-kalibrierservice.de\/wp-content\/uploads\/2024\/08\/Meissner_140x186.jpg\" alt=\"Steffen Mei\u00dfner\" width=\"140\" height=\"186\"><\/div>\n<p><strong>Steffen Mei\u00dfner<\/strong><br \/>\nAllgemeine Messtechnik<br \/>\nMesstechnik im Bereich<br \/>\n&#8211; Sicherheits- und Ger\u00e4tetester<br \/>\n&#8211; Schwingung \/ Beschleunigung<br \/>\n&#8211; Akustik<\/p>\n<\/div>\n<div class=\"ce_text big_box_ansprechpartner block\">\n<div class=\"image_container\"><img decoding=\"async\" loading=\"lazy\" src=\"https:\/\/ldh-kalibrierservice.de\/wp-content\/uploads\/2025\/04\/Oldenburg_140x186.jpg\" alt=\"Ronald Oldenburg-Oldenburger\" width=\"140\" height=\"185\"><\/div>\n<p><strong>Ronald Oldenburg-Oldenburger<\/strong><br \/>\nAllgemeine Messtechnik<br \/>\nMesstechnik im Bereich<br \/>\n&#8211; Oszilloskope, Scopemeter<br \/>\n&#8211; Datenlogger \/ Schreiber<br \/>\n&#8211; Leistungsmesser, Power Quality<br \/>\n&#8211; Drehzahl<\/p>\n<\/div>\n<div class=\"ce_text big_box_ansprechpartner block\">\n<div class=\"image_container\"><img decoding=\"async\" loading=\"lazy\" src=\"https:\/\/ldh-kalibrierservice.de\/wp-content\/uploads\/2024\/08\/Kaufmann_140x186.jpg\" alt=\"Simon Kaufmann\" width=\"140\" height=\"186\"><\/div>\n<p><strong>Simon Kaufmann<\/strong><br \/>\nAllgemeine Messtechnik<br \/>\nMesstechnik im Bereich<br \/>\n&#8211; Oszilloskope, Scopemeter<br \/>\n&#8211; Datenlogger \/ Schreiber<br \/>\n&#8211; Modulare Messsysteme<\/p>\n<\/div>\n<div class=\"ce_text big_box_ansprechpartner block\">\n<div class=\"image_container\"><img decoding=\"async\" loading=\"lazy\" src=\"https:\/\/ldh-kalibrierservice.de\/wp-content\/uploads\/2025\/04\/Kowal_140x186.jpg\" alt=\"Sebastian Kowal\" width=\"140\" height=\"186\"><\/div>\n<p><strong>Sebastian Kowal<\/strong><br \/>\nAllgemeine Messtechnik<br \/>\nMesstechnik im Bereich<br \/>\n&#8211; Sicherheits- und Ger\u00e4tetester<\/p>\n<\/div>\n<div class=\"ce_text big_box_ansprechpartner block\">\n<div class=\"image_container\"><img decoding=\"async\" loading=\"lazy\" src=\"https:\/\/ldh-kalibrierservice.de\/wp-content\/uploads\/2024\/08\/Groetzschel_140x186.jpg\" alt=\"Michael Gr\u00f6tzschel\" width=\"140\" height=\"186\"><\/div>\n<p><strong>Michael Gr\u00f6tzschel<\/strong><br \/>\nAllgemeine Messtechnik<br \/>\nMesstechnik im Bereich<br \/>\n&#8211; Dimensionelle Messger\u00e4te<br \/>\n&#8211; Mechanische Messger\u00e4te<br \/>\nMSA-Projekte<\/p>\n<\/div>\n<div class=\"clearit\">\n<h3 class=\"widgettitle\">Software<\/h3>\n<p><strong>2 externe Softwareentwickler<\/strong><br \/>\nAdministration Netzwerk- und Sicherheitstechnik<br \/>\nAdministration Kunden- und Pr\u00fcfmittelverwaltung (LDSoft)<br \/>\nAutomatisierte Dokumentationserstellung<br \/>\nAdministration Archivierungssystem<\/p>\n<\/div>\n","protected":false},"excerpt":{"rendered":"<p>Gesch\u00e4ftsleitung Stefan Lorenz Gesch\u00e4ftsf\u00fchrung Vertrieb Laborleitung Michael Gr\u00f6tzschel Laborleiter Vertrieb Technik Rene Grundig stellvertr. Laborleiter Technik Qualit\u00e4tsmanagement Lars Hallbauer QMB Technik Burkhardt Drange stellvertr. QMB Technik Abwicklung \/ Buchhaltung Bianca Kraft Teamassistentin Abwicklung Vertrieb Sylvia M\u00fcller Teamassistentin Abwicklung Buchhaltung Vertrieb Anja Helbig Teamassistentin Abwicklung Vertrieb Wareneingang \/ -ausgang Grit Ulbrich<\/p>\n","protected":false},"author":1,"featured_media":0,"parent":0,"menu_order":0,"comment_status":"closed","ping_status":"closed","template":"","meta":[],"_links":{"self":[{"href":"https:\/\/ldh-kalibrierservice.de\/index.php?rest_route=\/wp\/v2\/pages\/97"}],"collection":[{"href":"https:\/\/ldh-kalibrierservice.de\/index.php?rest_route=\/wp\/v2\/pages"}],"about":[{"href":"https:\/\/ldh-kalibrierservice.de\/index.php?rest_route=\/wp\/v2\/types\/page"}],"author":[{"embeddable":true,"href":"https:\/\/ldh-kalibrierservice.de\/index.php?rest_route=\/wp\/v2\/users\/1"}],"replies":[{"embeddable":true,"href":"https:\/\/ldh-kalibrierservice.de\/index.php?rest_route=%2Fwp%2Fv2%2Fcomments&post=97"}],"version-history":[{"count":77,"href":"https:\/\/ldh-kalibrierservice.de\/index.php?rest_route=\/wp\/v2\/pages\/97\/revisions"}],"predecessor-version":[{"id":1196,"href":"https:\/\/ldh-kalibrierservice.de\/index.php?rest_route=\/wp\/v2\/pages\/97\/revisions\/1196"}],"wp:attachment":[{"href":"https:\/\/ldh-kalibrierservice.de\/index.php?rest_route=%2Fwp%2Fv2%2Fmedia&parent=97"}],"curies":[{"name":"wp","href":"https:\/\/api.w.org\/{rel}","templated":true}]}}